{"id":551,"date":"2025-08-01T15:33:30","date_gmt":"2025-08-01T15:33:30","guid":{"rendered":"https:\/\/global-tradepartners.com\/?page_id=551"},"modified":"2025-08-02T13:35:51","modified_gmt":"2025-08-02T13:35:51","slug":"recruiting-top-talents","status":"publish","type":"page","link":"https:\/\/global-tradepartners.com\/fr\/recruiting-top-talents\/","title":{"rendered":"Acquisition de talents de pointe"},"content":{"rendered":"<div data-elementor-type=\"wp-page\" data-elementor-id=\"551\" class=\"elementor elementor-551\">\n\t\t\t\t<div class=\"elementor-element elementor-element-cd2de65 e-con-full e-flex e-con e-parent\" data-id=\"cd2de65\" data-element_type=\"container\" data-settings=\"{&quot;background_background&quot;:&quot;classic&quot;}\">\n\t\t\t\t<div class=\"elementor-element elementor-element-11b681b elementor-widget elementor-widget-hfe-breadcrumbs-widget\" data-id=\"11b681b\" data-element_type=\"widget\" data-widget_type=\"hfe-breadcrumbs-widget.default\">\n\t\t\t\t<div class=\"elementor-widget-container\">\n\t\t\t\t\t<nav aria-label=\"Breadcrumb\"><ul class=\"hfe-breadcrumbs hfe-breadcrumbs-show-home\"><li class=\"hfe-breadcrumbs-item hfe-breadcrumbs-first\"><span class=\"hfe-breadcrumbs-home-icon\"><i aria-hidden=\"true\" class=\"icon icon-home2\"><\/i><\/span><a href=\"https:\/\/global-tradepartners.com\/fr\"><span class=\"hfe-breadcrumbs-text\">Home<\/span><\/a><\/li><\/ul><\/nav>\t\t\t\t<\/div>\n\t\t\t\t<\/div>\n\t\t\t\t<div class=\"elementor-element elementor-element-a3ff938 elementor-widget elementor-widget-heading\" data-id=\"a3ff938\" data-element_type=\"widget\" data-widget_type=\"heading.default\">\n\t\t\t\t\t<h2 class=\"elementor-heading-title elementor-size-default\">Acquisition de talents de pointe<\/h2>\t\t\t\t<\/div>\n\t\t\t\t<\/div>\n\t\t<div class=\"elementor-element elementor-element-c69ce32 e-con-full e-flex e-con e-parent\" data-id=\"c69ce32\" data-element_type=\"container\">\n\t\t<div class=\"elementor-element elementor-element-77f0cae e-con-full e-flex e-con e-child\" data-id=\"77f0cae\" data-element_type=\"container\" data-settings=\"{&quot;background_background&quot;:&quot;classic&quot;}\">\n\t\t\t\t<\/div>\n\t\t<div class=\"elementor-element elementor-element-8277966 e-con-full e-flex e-con e-child\" data-id=\"8277966\" data-element_type=\"container\">\n\t\t\t\t<div class=\"elementor-element elementor-element-eec5665 elementor-widget elementor-widget-heading\" data-id=\"eec5665\" data-element_type=\"widget\" data-widget_type=\"heading.default\">\n\t\t\t\t\t<p class=\"elementor-heading-title elementor-size-default\"><h2>How Our Proven Process Works<\/h2>\n\n<p>\nOur process is built on speed, efficiency, and transparency. We don't believe in a one-size-fits-all approach; instead, we work as a true extension of your company, delivering a tailored solution from start to finish. Here is a step-by-step look at how we build and manage your sales engine for success.\n<\/p>\n\n<h3>1. Strategic Recruitment &amp; Team Assembly<\/h3>\n<p>\nOur global recruitment team actively maintains a pool of top-tier talent, sourcing candidates from both our extensive network and the wider market. We meticulously select individuals whose experience, skills, and traits are perfectly aligned with your specific sales goals and company culture. From this talent pool, we assemble a dedicated team ready to be trained on your unique products and services.\n<\/p>\n\n<h3>2. Intensive Training &amp; Seamless Integration<\/h3>\n<p>\nOnce assembled, your team undergoes thorough training to flesh out their product knowledge and sales process. This preparation ensures they can act quickly and effectively. They function as a seamless extension of your company, designed for rapid implementation and immediate impact, allowing you to ramp up your sales efforts without delay.\n<\/p>\n\n<h3>3. Dedicated Management &amp; Performance Reporting<\/h3>\n<p>\nEvery account is supported by at least two dedicated sales professionals and an experienced manager. This manager oversees performance, optimizes your sales process, and ensures accountability. We provide clear, weekly reports that track your team's progress and compare results over time, so you always have a transparent view of exactly how your sales investment is performing.\n<\/p><\/p>\t\t\t\t<\/div>\n\t\t\t\t<\/div>\n\t\t\t\t<\/div>\n\t\t<div class=\"elementor-element elementor-element-219b11e e-flex e-con-boxed e-con e-parent\" data-id=\"219b11e\" data-element_type=\"container\">\n\t\t\t\t\t<div class=\"e-con-inner\">\n\t\t<div class=\"elementor-element elementor-element-da44e09 e-con-full e-flex e-con e-child\" data-id=\"da44e09\" data-element_type=\"container\">\n\t\t\t\t<div class=\"elementor-element elementor-element-fd57440 elementor-widget elementor-widget-wpforms\" data-id=\"fd57440\" data-element_type=\"widget\" data-widget_type=\"wpforms.default\">\n\t\t\t\t<div class=\"elementor-widget-container\">\n\t\t\t\t\t<div class=\"wpforms-container wpforms-container-full wpforms-render-modern\" id=\"wpforms-423\"><form id=\"wpforms-form-423\" class=\"wpforms-validate wpforms-form wpforms-ajax-form\" data-formid=\"423\" method=\"post\" enctype=\"multipart\/form-data\" action=\"\/fr\/wp-json\/wp\/v2\/pages\/551\" data-token=\"2c7456e11dd893c60b931e95059a3173\" data-token-time=\"1776530836\" data-trp-original-action=\"\/fr\/wp-json\/wp\/v2\/pages\/551\"><noscript class=\"wpforms-error-noscript\">Veuillez activer JavaScript dans votre navigateur pour remplir ce formulaire.<\/noscript><div class=\"wpforms-hidden\" id=\"wpforms-error-noscript\">Veuillez activer JavaScript dans votre navigateur pour remplir ce formulaire.<\/div><div class=\"wpforms-field-container\"><div id=\"wpforms-423-field_1-container\" class=\"wpforms-field wpforms-field-name\" data-field-id=\"1\"><label class=\"wpforms-field-label\" for=\"wpforms-423-field_1\">First Name <span class=\"wpforms-required-label\" aria-hidden=\"true\">*<\/span><\/label><input type=\"text\" id=\"wpforms-423-field_1\" class=\"wpforms-field-medium wpforms-field-required\" name=\"wpforms[fields][1]\" aria-errormessage=\"wpforms-423-field_1-error\" required><\/div>\t\t<div id=\"wpforms-423-field_4-container\"\n\t\t\tclass=\"wpforms-field wpforms-field-text\"\n\t\t\tdata-field-type=\"text\"\n\t\t\tdata-field-id=\"4\"\n\t\t\t>\n\t\t\t<label class=\"wpforms-field-label\" for=\"wpforms-423-field_4\" >Name First Country<\/label>\n\t\t\t<input type=\"text\" id=\"wpforms-423-field_4\" class=\"wpforms-field-medium\" name=\"wpforms[fields][4]\" >\n\t\t<\/div>\n\t\t<div id=\"wpforms-423-field_7-container\" class=\"wpforms-field wpforms-field-name\" data-field-id=\"7\"><label class=\"wpforms-field-label\" for=\"wpforms-423-field_7\">Last Name <span class=\"wpforms-required-label\" aria-hidden=\"true\">*<\/span><\/label><input type=\"text\" id=\"wpforms-423-field_7\" class=\"wpforms-field-medium wpforms-field-required\" name=\"wpforms[fields][7]\" aria-errormessage=\"wpforms-423-field_7-error\" required><\/div><div id=\"wpforms-423-field_9-container\" class=\"wpforms-field wpforms-field-number\" data-field-id=\"9\"><label class=\"wpforms-field-label\" for=\"wpforms-423-field_9\">Age <span class=\"wpforms-required-label\" aria-hidden=\"true\">*<\/span><\/label><input type=\"number\" id=\"wpforms-423-field_9\" class=\"wpforms-field-medium wpforms-field-required\" name=\"wpforms[fields][9]\" step=\"any\" aria-errormessage=\"wpforms-423-field_9-error\" required><\/div><div id=\"wpforms-423-field_5-container\" class=\"wpforms-field wpforms-field-select wpforms-field-select-style-classic\" data-field-id=\"5\"><label class=\"wpforms-field-label\" for=\"wpforms-423-field_5\">Country <span class=\"wpforms-required-label\" aria-hidden=\"true\">*<\/span><\/label><select id=\"wpforms-423-field_5\" class=\"wpforms-field-medium wpforms-field-required\" name=\"wpforms[fields][5]\" required=\"required\"><option value=\"\" class=\"placeholder\" disabled>--- Select Choice ---<\/option><option value=\"United Kingdom\"  selected='selected'>United Kingdom<\/option><option value=\"Canada\" >Canada<\/option><option value=\"Afghanistan\" >Afghanistan<\/option><option value=\"Albania\" >Albania<\/option><option value=\"Algeria\" >Algeria<\/option><option value=\"Andorra\" >Andorra<\/option><option value=\"Angola\" >Angola<\/option><option value=\"Antigua and Barbuda\" >Antigua and Barbuda<\/option><option value=\"Argentina\" >Argentina<\/option><option value=\"Armenia\" >Armenia<\/option><option value=\"Australia\" >Australia<\/option><option value=\"Austria\" >Austria<\/option><option value=\"Azerbaijan\" >Azerbaijan<\/option><option value=\"Bahamas\" >Bahamas<\/option><option value=\"Bahrain\" >Bahrain<\/option><option value=\"Bangladesh\" >Bangladesh<\/option><option value=\"Barbados\" >Barbados<\/option><option value=\"Belarus\" >Belarus<\/option><option value=\"Belgium\" >Belgium<\/option><option value=\"Belize\" >Belize<\/option><option value=\"Benin\" >Benin<\/option><option value=\"Bhutan\" >Bhutan<\/option><option value=\"Bolivia\" >Bolivia<\/option><option value=\"Bosnia and Herzegovina\" >Bosnia and Herzegovina<\/option><option value=\"Botswana\" >Botswana<\/option><option value=\"Brazil\" >Brazil<\/option><option value=\"Brunei\" >Brunei<\/option><option value=\"Bulgaria\" >Bulgaria<\/option><option value=\"Burkina Faso\" >Burkina Faso<\/option><option value=\"Burundi\" >Burundi<\/option><option value=\"Cabo Verde\" >Cabo Verde<\/option><option value=\"Cambodia\" >Cambodia<\/option><option value=\"Cameroon\" >Cameroon<\/option><option value=\"Canada\" >Canada<\/option><option value=\"Central African Republic\" >Central African Republic<\/option><option value=\"Chad\" >Chad<\/option><option value=\"Chile\" >Chile<\/option><option value=\"China\" >China<\/option><option value=\"Colombia\" >Colombia<\/option><option value=\"Comoros\" >Comoros<\/option><option value=\"Congo (Congo-Brazzaville)\" >Congo (Congo-Brazzaville)<\/option><option value=\"Costa Rica\" >Costa Rica<\/option><option value=\"Croatia\" >Croatia<\/option><option value=\"Cuba\" >Cuba<\/option><option value=\"Cyprus\" >Cyprus<\/option><option value=\"Czech Republic\" >Czech Republic<\/option><option value=\"Democratic Republic of the Congo\" >Democratic Republic of the Congo<\/option><option value=\"Denmark\" >Denmark<\/option><option value=\"Djibouti\" >Djibouti<\/option><option value=\"Dominica\" >Dominica<\/option><option value=\"Dominican Republic\" >Dominican Republic<\/option><option value=\"Ecuador\" >Ecuador<\/option><option value=\"Egypt\" >Egypt<\/option><option value=\"El Salvador\" >El Salvador<\/option><option value=\"Equatorial Guinea\" >Equatorial Guinea<\/option><option value=\"Eritrea\" >Eritrea<\/option><option value=\"Estonia\" >Estonia<\/option><option value=\"Eswatini (fmr. &quot;Swaziland&quot;)\" >Eswatini (fmr. &quot;Swaziland&quot;)<\/option><option value=\"Ethiopia\" >Ethiopia<\/option><option value=\"Fiji\" >Fiji<\/option><option value=\"Finland\" >Finland<\/option><option value=\"France\" >France<\/option><option value=\"Gabon\" >Gabon<\/option><option value=\"Gambia\" >Gambia<\/option><option value=\"Georgia\" >Georgia<\/option><option value=\"Germany\" >Germany<\/option><option value=\"Ghana\" >Ghana<\/option><option value=\"Greece\" >Greece<\/option><option value=\"Grenada\" >Grenada<\/option><option value=\"Guatemala\" >Guatemala<\/option><option value=\"Guinea\" >Guinea<\/option><option value=\"Guinea-Bissau\" >Guinea-Bissau<\/option><option value=\"Guyana\" >Guyana<\/option><option value=\"Haiti\" >Haiti<\/option><option value=\"Honduras\" >Honduras<\/option><option value=\"Hungary\" >Hungary<\/option><option value=\"Iceland\" >Iceland<\/option><option value=\"India\" >India<\/option><option value=\"Indonesia\" >Indonesia<\/option><option value=\"Iran\" >Iran<\/option><option value=\"Iraq\" >Iraq<\/option><option value=\"Ireland\" >Ireland<\/option><option value=\"Italy\" >Italy<\/option><option value=\"Jamaica\" >Jamaica<\/option><option value=\"Japan\" >Japan<\/option><option value=\"Jordan\" >Jordan<\/option><option value=\"Kazakhstan\" >Kazakhstan<\/option><option value=\"Kenya\" >Kenya<\/option><option value=\"Kiribati\" >Kiribati<\/option><option value=\"Kuwait\" >Kuwait<\/option><option value=\"Kyrgyzstan\" >Kyrgyzstan<\/option><option value=\"Laos\" >Laos<\/option><option value=\"Latvia\" >Latvia<\/option><option value=\"Lebanon\" >Lebanon<\/option><option value=\"Lesotho\" >Lesotho<\/option><option value=\"Liberia\" >Liberia<\/option><option value=\"Libya\" >Libya<\/option><option value=\"Liechtenstein\" >Liechtenstein<\/option><option value=\"Lithuania\" >Lithuania<\/option><option value=\"Luxembourg\" >Luxembourg<\/option><option value=\"Madagascar\" >Madagascar<\/option><option value=\"Malawi\" >Malawi<\/option><option value=\"Malaysia\" >Malaysia<\/option><option value=\"Maldives\" >Maldives<\/option><option value=\"Mali\" >Mali<\/option><option value=\"Malta\" >Malta<\/option><option value=\"Marshall Islands\" >Marshall Islands<\/option><option value=\"Mauritania\" >Mauritania<\/option><option value=\"Mauritius\" >Mauritius<\/option><option value=\"Mexico\" >Mexico<\/option><option value=\"Micronesia\" >Micronesia<\/option><option value=\"Moldova\" >Moldova<\/option><option value=\"Monaco\" >Monaco<\/option><option value=\"Mongolia\" >Mongolia<\/option><option value=\"Montenegro\" >Montenegro<\/option><option value=\"Morocco\" >Morocco<\/option><option value=\"Mozambique\" >Mozambique<\/option><option value=\"Myanmar (formerly Burma)\" >Myanmar (formerly Burma)<\/option><option value=\"Namibia\" >Namibia<\/option><option value=\"Nauru\" >Nauru<\/option><option value=\"Nepal\" >Nepal<\/option><option value=\"Netherlands\" >Netherlands<\/option><option value=\"New Zealand\" >New Zealand<\/option><option value=\"Nicaragua\" >Nicaragua<\/option><option value=\"Niger\" >Niger<\/option><option value=\"Nigeria\" >Nigeria<\/option><option value=\"North Korea\" >North Korea<\/option><option value=\"North Macedonia\" >North Macedonia<\/option><option value=\"Norway\" >Norway<\/option><option value=\"Oman\" >Oman<\/option><option value=\"Pakistan\" >Pakistan<\/option><option value=\"Palau\" >Palau<\/option><option value=\"Palestine State\" >Palestine State<\/option><option value=\"Panama\" >Panama<\/option><option value=\"Papua New Guinea\" >Papua New Guinea<\/option><option value=\"Paraguay\" >Paraguay<\/option><option value=\"Peru\" >Peru<\/option><option value=\"Philippines\" >Philippines<\/option><option value=\"Poland\" >Poland<\/option><option value=\"Portugal\" >Portugal<\/option><option value=\"Qatar\" >Qatar<\/option><option value=\"Romania\" >Romania<\/option><option value=\"Russia\" >Russia<\/option><option value=\"Rwanda\" >Rwanda<\/option><option value=\"Saint Kitts and Nevis\" >Saint Kitts and Nevis<\/option><option value=\"Saint Lucia\" >Saint Lucia<\/option><option value=\"Saint Vincent and the Grenadines\" >Saint Vincent and the Grenadines<\/option><option value=\"Samoa\" >Samoa<\/option><option value=\"San Marino\" >San Marino<\/option><option value=\"Sao Tome and Principe\" >Sao Tome and Principe<\/option><option value=\"Saudi Arabia\" >Saudi Arabia<\/option><option value=\"Senegal\" >Senegal<\/option><option value=\"Serbia\" >Serbia<\/option><option value=\"Seychelles\" >Seychelles<\/option><option value=\"Sierra Leone\" >Sierra Leone<\/option><option value=\"Singapore\" >Singapore<\/option><option value=\"Slovakia\" >Slovakia<\/option><option value=\"Slovenia\" >Slovenia<\/option><option value=\"Solomon Islands\" >Solomon Islands<\/option><option value=\"Somalia\" >Somalia<\/option><option value=\"South Africa\" >South Africa<\/option><option value=\"South Korea\" >South Korea<\/option><option value=\"South Sudan\" >South Sudan<\/option><option value=\"Spain\" >Spain<\/option><option value=\"Sri Lanka\" >Sri Lanka<\/option><option value=\"Sudan\" >Sudan<\/option><option value=\"Suriname\" >Suriname<\/option><option value=\"Sweden\" >Sweden<\/option><option value=\"Switzerland\" >Switzerland<\/option><option value=\"Syria\" >Syria<\/option><option value=\"Taiwan\" >Taiwan<\/option><option value=\"Tajikistan\" >Tajikistan<\/option><option value=\"Tanzania\" >Tanzania<\/option><option value=\"Thailand\" >Thailand<\/option><option value=\"Timor-Leste\" >Timor-Leste<\/option><option value=\"Togo\" >Togo<\/option><option value=\"Tonga\" >Tonga<\/option><option value=\"Trinidad and Tobago\" >Trinidad and Tobago<\/option><option value=\"Tunisia\" >Tunisia<\/option><option value=\"Turkey\" >Turkey<\/option><option value=\"Turkmenistan\" >Turkmenistan<\/option><option value=\"Tuvalu\" >Tuvalu<\/option><option value=\"Uganda\" >Uganda<\/option><option value=\"Ukraine\" >Ukraine<\/option><option value=\"United Arab Emirates\" >United Arab Emirates<\/option><option value=\"United Kingdom\" >United Kingdom<\/option><option value=\"United States of America\" >United States of America<\/option><option value=\"Uruguay\" >Uruguay<\/option><option value=\"Uzbekistan\" >Uzbekistan<\/option><option value=\"Vanuatu\" >Vanuatu<\/option><option value=\"Vatican City\" >Vatican City<\/option><option value=\"Venezuela\" >Venezuela<\/option><option value=\"Vietnam\" >Vietnam<\/option><option value=\"Yemen\" >Yemen<\/option><option value=\"Zambia\" >Zambia<\/option><option value=\"Zimbabwe\" >Zimbabwe<\/option><option value=\"198 choix\" >198 choix<\/option><\/select><\/div><div id=\"wpforms-423-field_8-container\" class=\"wpforms-field wpforms-field-text\" data-field-id=\"8\"><label class=\"wpforms-field-label\" for=\"wpforms-423-field_8\">City <span class=\"wpforms-required-label\" aria-hidden=\"true\">*<\/span><\/label><input type=\"text\" id=\"wpforms-423-field_8\" class=\"wpforms-field-medium wpforms-field-required\" name=\"wpforms[fields][8]\" aria-errormessage=\"wpforms-423-field_8-error\" required><\/div><div id=\"wpforms-423-field_6-container\" class=\"wpforms-field wpforms-field-text\" data-field-id=\"6\"><label class=\"wpforms-field-label\" for=\"wpforms-423-field_6\">Phone Number <span class=\"wpforms-required-label\" aria-hidden=\"true\">*<\/span><\/label><input type=\"text\" id=\"wpforms-423-field_6\" class=\"wpforms-field-medium wpforms-field-required\" name=\"wpforms[fields][6]\" aria-errormessage=\"wpforms-423-field_6-error\" required><\/div><div id=\"wpforms-423-field_2-container\" class=\"wpforms-field wpforms-field-email\" data-field-id=\"2\"><label class=\"wpforms-field-label\" for=\"wpforms-423-field_2\">Email <span class=\"wpforms-required-label\" aria-hidden=\"true\">*<\/span><\/label><input type=\"email\" id=\"wpforms-423-field_2\" class=\"wpforms-field-medium wpforms-field-required\" name=\"wpforms[fields][2]\" spellcheck=\"false\" aria-errormessage=\"wpforms-423-field_2-error\" required><\/div><div id=\"wpforms-423-field_3-container\" class=\"wpforms-field wpforms-field-textarea\" data-field-id=\"3\"><label class=\"wpforms-field-label\" for=\"wpforms-423-field_3\">Commentaire ou Message <span class=\"wpforms-required-label\" aria-hidden=\"true\">*<\/span><\/label><textarea id=\"wpforms-423-field_3\" class=\"wpforms-field-medium wpforms-field-required wpforms-limit-words-enabled\" data-form-id=\"423\" data-field-id=\"3\" data-text-limit=\"100\" name=\"wpforms[fields][3]\" aria-errormessage=\"wpforms-423-field_3-error\" required><\/textarea><\/div><script>\n\t\t\t\t( function() {\n\t\t\t\t\tconst style = document.createElement( 'style' );\n\t\t\t\t\tstyle.appendChild( document.createTextNode( '#wpforms-423-field_4-container { position: absolute !important; overflow: hidden !important; display: inline !important; height: 1px !important; width: 1px !important; z-index: -1000 !important; padding: 0 !important; } #wpforms-423-field_4-container input { visibility: hidden; } #wpforms-conversational-form-page #wpforms-423-field_4-container label { counter-increment: none; }' ) );\n\t\t\t\t\tdocument.head.appendChild( style );\n\t\t\t\t\tdocument.currentScript?.remove();\n\t\t\t\t} )();\n\t\t\t<\/script><\/div><!-- .wpforms-field-container --><div class=\"wpforms-submit-container\" ><input type=\"hidden\" name=\"wpforms[id]\" value=\"423\"><input type=\"hidden\" name=\"page_title\" value=\"\"><input type=\"hidden\" name=\"page_url\" value=\"https:\/\/global-tradepartners.com\/fr\/wp-json\/wp\/v2\/pages\/551\"><input type=\"hidden\" name=\"url_referer\" value=\"\"><button type=\"submit\" name=\"wpforms[submit]\" id=\"wpforms-submit-423\" class=\"wpforms-submit\" data-alt-text=\"Sending...\" data-submit-text=\"Submit\" aria-live=\"assertive\" value=\"wpforms-submit\">Submit<\/button><img decoding=\"async\" src=\"https:\/\/global-tradepartners.com\/wp-content\/plugins\/wpforms-lite\/assets\/images\/submit-spin.svg\" class=\"wpforms-submit-spinner\" style=\"display: none;\" width=\"26\" height=\"26\" alt=\"Chargement en cours\"><\/div><input type=\"hidden\" name=\"trp-form-language\" value=\"fr\"\/><\/form><\/div>  <!-- .wpforms-container -->\t\t\t\t<\/div>\n\t\t\t\t<\/div>\n\t\t\t\t<\/div>\n\t\t<div class=\"elementor-element elementor-element-26c2220 e-con-full e-flex e-con e-child\" data-id=\"26c2220\" data-element_type=\"container\">\n\t\t\t\t<div class=\"elementor-element elementor-element-6a8ba16 elementor-widget elementor-widget-heading\" data-id=\"6a8ba16\" data-element_type=\"widget\" data-widget_type=\"heading.default\">\n\t\t\t\t\t<h2 class=\"elementor-heading-title elementor-size-default\">D\u00e9marrez Votre Transformation Commerciale<\/h2>\t\t\t\t<\/div>\n\t\t\t\t<div class=\"elementor-element elementor-element-cb62790 elementor-widget elementor-widget-heading\" data-id=\"cb62790\" data-element_type=\"widget\" data-widget_type=\"heading.default\">\n\t\t\t\t\t<p class=\"elementor-heading-title elementor-size-default\">Pr\u00eat \u00e0 am\u00e9liorer vos performances commerciales et \u00e0 atteindre une croissance in\u00e9gal\u00e9e ? Remplissez le formulaire ci-dessous et notre \u00e9quipe d'experts vous contactera pour discuter de vos d\u00e9fis uniques et de la mani\u00e8re dont Global Trade Partners peut construire votre prochain moteur de vente ultra-performant.<\/p>\t\t\t\t<\/div>\n\t\t\t\t<div class=\"elementor-element elementor-element-55f29be elementor-icon-list--layout-traditional elementor-list-item-link-full_width elementor-widget elementor-widget-icon-list\" data-id=\"55f29be\" data-element_type=\"widget\" data-widget_type=\"icon-list.default\">\n\t\t\t\t\t\t\t<ul class=\"elementor-icon-list-items\">\n\t\t\t\t\t\t\t<li class=\"elementor-icon-list-item\">\n\t\t\t\t\t\t\t\t\t\t\t<span class=\"elementor-icon-list-icon\">\n\t\t\t\t\t\t\t<svg aria-hidden=\"true\" class=\"e-font-icon-svg e-fas-phone-square-alt\" viewbox=\"0 0 448 512\" xmlns=\"http:\/\/www.w3.org\/2000\/svg\"><path d=\"M400 32H48A48 48 0 0 0 0 80v352a48 48 0 0 0 48 48h352a48 48 0 0 0 48-48V80a48 48 0 0 0-48-48zm-16.39 307.37l-15 65A15 15 0 0 1 354 416C194 416 64 286.29 64 126a15.7 15.7 0 0 1 11.63-14.61l65-15A18.23 18.23 0 0 1 144 96a16.27 16.27 0 0 1 13.79 9.09l30 70A17.9 17.9 0 0 1 189 181a17 17 0 0 1-5.5 11.61l-37.89 31a231.91 231.91 0 0 0 110.78 110.78l31-37.89A17 17 0 0 1 299 291a17.85 17.85 0 0 1 5.91 1.21l70 30A16.25 16.25 0 0 1 384 336a17.41 17.41 0 0 1-.39 3.37z\"><\/path><\/svg>\t\t\t\t\t\t<\/span>\n\t\t\t\t\t\t\t\t\t\t<span class=\"elementor-icon-list-text\">+15813448943<\/span>\n\t\t\t\t\t\t\t\t\t<\/li>\n\t\t\t\t\t\t\t\t<li class=\"elementor-icon-list-item\">\n\t\t\t\t\t\t\t\t\t\t\t<span class=\"elementor-icon-list-icon\">\n\t\t\t\t\t\t\t<i aria-hidden=\"true\" class=\"icon icon-email1\"><\/i>\t\t\t\t\t\t<\/span>\n\t\t\t\t\t\t\t\t\t\t<span class=\"elementor-icon-list-text\">globaltradepartners2004@gmail.com<\/span>\n\t\t\t\t\t\t\t\t\t<\/li>\n\t\t\t\t\t\t\t\t<li class=\"elementor-icon-list-item\">\n\t\t\t\t\t\t\t\t\t\t\t<span class=\"elementor-icon-list-icon\">\n\t\t\t\t\t\t\t<svg aria-hidden=\"true\" class=\"e-font-icon-svg e-fas-address-book\" viewbox=\"0 0 448 512\" xmlns=\"http:\/\/www.w3.org\/2000\/svg\"><path d=\"M436 160c6.6 0 12-5.4 12-12v-40c0-6.6-5.4-12-12-12h-20V48c0-26.5-21.5-48-48-48H48C21.5 0 0 21.5 0 48v416c0 26.5 21.5 48 48 48h320c26.5 0 48-21.5 48-48v-48h20c6.6 0 12-5.4 12-12v-40c0-6.6-5.4-12-12-12h-20v-64h20c6.6 0 12-5.4 12-12v-40c0-6.6-5.4-12-12-12h-20v-64h20zm-228-32c35.3 0 64 28.7 64 64s-28.7 64-64 64-64-28.7-64-64 28.7-64 64-64zm112 236.8c0 10.6-10 19.2-22.4 19.2H118.4C106 384 96 375.4 96 364.8v-19.2c0-31.8 30.1-57.6 67.2-57.6h5c12.3 5.1 25.7 8 39.8 8s27.6-2.9 39.8-8h5c37.1 0 67.2 25.8 67.2 57.6v19.2z\"><\/path><\/svg>\t\t\t\t\t\t<\/span>\n\t\t\t\t\t\t\t\t\t\t<span class=\"elementor-icon-list-text\">Reg. No. 13773239, 71-75 Shelton Street, Covent Garden London, UK, WC2H 9JQ<\/span>\n\t\t\t\t\t\t\t\t\t<\/li>\n\t\t\t\t\t\t<\/ul>\n\t\t\t\t\t\t<\/div>\n\t\t\t\t<\/div>\n\t\t\t\t\t<\/div>\n\t\t\t\t<\/div>\n\t\t\t\t<\/div>","protected":false},"excerpt":{"rendered":"<p>Home Recruiting Top Talents How Our Proven Process Works Our process is built on speed, efficiency, and transparency. We don&#8217;t believe in a one-size-fits-all approach; instead, we work as a true extension of your company, delivering a tailored solution from start to finish. Here is a step-by-step look at how we build and manage your [&hellip;]<\/p>","protected":false},"author":1,"featured_media":0,"parent":0,"menu_order":0,"comment_status":"closed","ping_status":"closed","template":"elementor_header_footer","meta":{"_eb_attr":"","pagelayer_contact_templates":[],"_pagelayer_content":"","footnotes":""},"class_list":["post-551","page","type-page","status-publish","hentry"],"blocksy_meta":[],"_links":{"self":[{"href":"https:\/\/global-tradepartners.com\/fr\/wp-json\/wp\/v2\/pages\/551","targetHints":{"allow":["GET"]}}],"collection":[{"href":"https:\/\/global-tradepartners.com\/fr\/wp-json\/wp\/v2\/pages"}],"about":[{"href":"https:\/\/global-tradepartners.com\/fr\/wp-json\/wp\/v2\/types\/page"}],"author":[{"embeddable":true,"href":"https:\/\/global-tradepartners.com\/fr\/wp-json\/wp\/v2\/users\/1"}],"replies":[{"embeddable":true,"href":"https:\/\/global-tradepartners.com\/fr\/wp-json\/wp\/v2\/comments?post=551"}],"version-history":[{"count":31,"href":"https:\/\/global-tradepartners.com\/fr\/wp-json\/wp\/v2\/pages\/551\/revisions"}],"predecessor-version":[{"id":626,"href":"https:\/\/global-tradepartners.com\/fr\/wp-json\/wp\/v2\/pages\/551\/revisions\/626"}],"wp:attachment":[{"href":"https:\/\/global-tradepartners.com\/fr\/wp-json\/wp\/v2\/media?parent=551"}],"curies":[{"name":"wp","href":"https:\/\/api.w.org\/{rel}","templated":true}]}}